{"id":8,"date":"2019-08-25T08:31:05","date_gmt":"2019-08-25T08:31:05","guid":{"rendered":"http:\/\/clssc.org\/?page_id=8"},"modified":"2019-11-18T14:17:23","modified_gmt":"2019-11-18T14:17:23","slug":"certificaat-pagina","status":"publish","type":"page","link":"https:\/\/clssc.org\/?page_id=8","title":{"rendered":"Certification"},"content":{"rendered":"\n<h4 style=\"text-align:center\">Lean Six Sixma Green Belt Certifications<\/h4>\n\n\n\n<h2>\n<table id=\"tablepress-1\" class=\"tablepress tablepress-id-1\">\n<thead>\n<tr class=\"row-1 odd\">\n\t<th class=\"column-1\">Name<\/th><th class=\"column-2\">Last name<\/th>\n<\/tr>\n<\/thead>\n<tbody class=\"row-hover\">\n<tr class=\"row-2 even\">\n\t<td class=\"column-1\">Bertram<\/td><td class=\"column-2\">Aa van der<\/td>\n<\/tr>\n<tr class=\"row-3 odd\">\n\t<td class=\"column-1\">Wouter Jan<\/td><td class=\"column-2\">Adolfsen<\/td>\n<\/tr>\n<tr class=\"row-4 even\">\n\t<td class=\"column-1\">Carin<\/td><td class=\"column-2\">Arts<\/td>\n<\/tr>\n<tr class=\"row-5 odd\">\n\t<td class=\"column-1\">Mona<\/td><td class=\"column-2\">Asadi<\/td>\n<\/tr>\n<tr class=\"row-6 even\">\n\t<td class=\"column-1\">Roy<\/td><td class=\"column-2\">Bens<\/td>\n<\/tr>\n<tr class=\"row-7 odd\">\n\t<td class=\"column-1\">Ron<\/td><td class=\"column-2\">Bij van der<\/td>\n<\/tr>\n<tr class=\"row-8 even\">\n\t<td class=\"column-1\">Leidy<\/td><td class=\"column-2\">Bolhuis<\/td>\n<\/tr>\n<tr class=\"row-9 odd\">\n\t<td class=\"column-1\">Hassen<\/td><td class=\"column-2\">Bouaza<\/td>\n<\/tr>\n<tr class=\"row-10 even\">\n\t<td class=\"column-1\">Aaricia<\/td><td class=\"column-2\">Breemen van<\/td>\n<\/tr>\n<tr class=\"row-11 odd\">\n\t<td class=\"column-1\">Erik <\/td><td class=\"column-2\">Brink van den<\/td>\n<\/tr>\n<tr class=\"row-12 even\">\n\t<td class=\"column-1\">Michiel<\/td><td class=\"column-2\">Butter<\/td>\n<\/tr>\n<tr class=\"row-13 odd\">\n\t<td class=\"column-1\">Niels<\/td><td class=\"column-2\">Butter<\/td>\n<\/tr>\n<tr class=\"row-14 even\">\n\t<td class=\"column-1\">Dennis<\/td><td class=\"column-2\">Dekkers<\/td>\n<\/tr>\n<tr class=\"row-15 odd\">\n\t<td class=\"column-1\">Martijn<\/td><td class=\"column-2\">Deurloo<\/td>\n<\/tr>\n<tr class=\"row-16 even\">\n\t<td class=\"column-1\">Sara<\/td><td class=\"column-2\">Dirkx<\/td>\n<\/tr>\n<tr class=\"row-17 odd\">\n\t<td class=\"column-1\">Richard<\/td><td class=\"column-2\">Driel van<\/td>\n<\/tr>\n<tr class=\"row-18 even\">\n\t<td class=\"column-1\">Pim<\/td><td class=\"column-2\">Faber<\/td>\n<\/tr>\n<tr class=\"row-19 odd\">\n\t<td class=\"column-1\">Frederiek<\/td><td class=\"column-2\">Gammeren van<\/td>\n<\/tr>\n<tr class=\"row-20 even\">\n\t<td class=\"column-1\">Janita <\/td><td class=\"column-2\">Ghisyawan<\/td>\n<\/tr>\n<tr class=\"row-21 odd\">\n\t<td class=\"column-1\">Andre<\/td><td class=\"column-2\">Groot de<\/td>\n<\/tr>\n<tr class=\"row-22 even\">\n\t<td class=\"column-1\">Jessica<\/td><td class=\"column-2\">Hartog<\/td>\n<\/tr>\n<tr class=\"row-23 odd\">\n\t<td class=\"column-1\">Rachelle<\/td><td class=\"column-2\">Heeren<\/td>\n<\/tr>\n<tr class=\"row-24 even\">\n\t<td class=\"column-1\">Jolanda<\/td><td class=\"column-2\">Heling<\/td>\n<\/tr>\n<tr class=\"row-25 odd\">\n\t<td class=\"column-1\">Andrea <\/td><td class=\"column-2\">Hirzinger<\/td>\n<\/tr>\n<tr class=\"row-26 even\">\n\t<td class=\"column-1\">Teun<\/td><td class=\"column-2\">Horssen van<\/td>\n<\/tr>\n<tr class=\"row-27 odd\">\n\t<td class=\"column-1\">Petra<\/td><td class=\"column-2\">Horst van der<\/td>\n<\/tr>\n<tr class=\"row-28 even\">\n\t<td class=\"column-1\">Roos<\/td><td class=\"column-2\">Hufner<\/td>\n<\/tr>\n<tr class=\"row-29 odd\">\n\t<td class=\"column-1\">Vera<\/td><td class=\"column-2\">Hulsebosch<\/td>\n<\/tr>\n<tr class=\"row-30 even\">\n\t<td class=\"column-1\">Joris<\/td><td class=\"column-2\">Jansen<\/td>\n<\/tr>\n<tr class=\"row-31 odd\">\n\t<td class=\"column-1\">Frank<\/td><td class=\"column-2\">Keuning<\/td>\n<\/tr>\n<tr class=\"row-32 even\">\n\t<td class=\"column-1\">Remco<\/td><td class=\"column-2\">Koens<\/td>\n<\/tr>\n<tr class=\"row-33 odd\">\n\t<td class=\"column-1\">Frank<\/td><td class=\"column-2\">Kok<\/td>\n<\/tr>\n<tr class=\"row-34 even\">\n\t<td class=\"column-1\">Peter<\/td><td class=\"column-2\">Koning de<\/td>\n<\/tr>\n<tr class=\"row-35 odd\">\n\t<td class=\"column-1\">Marcel<\/td><td class=\"column-2\">Korver<\/td>\n<\/tr>\n<tr class=\"row-36 even\">\n\t<td class=\"column-1\">Jacoline<\/td><td class=\"column-2\">Kramp<\/td>\n<\/tr>\n<tr class=\"row-37 odd\">\n\t<td class=\"column-1\">Patrick<\/td><td class=\"column-2\">Kruijf de<\/td>\n<\/tr>\n<tr class=\"row-38 even\">\n\t<td class=\"column-1\">Robert Jan<\/td><td class=\"column-2\">Lamers<\/td>\n<\/tr>\n<tr class=\"row-39 odd\">\n\t<td class=\"column-1\">Dirk<\/td><td class=\"column-2\">Leeuw de<\/td>\n<\/tr>\n<tr class=\"row-40 even\">\n\t<td class=\"column-1\">Manon<\/td><td class=\"column-2\">Linden van<\/td>\n<\/tr>\n<tr class=\"row-41 odd\">\n\t<td class=\"column-1\">Johan<\/td><td class=\"column-2\">Lingen van der<\/td>\n<\/tr>\n<tr class=\"row-42 even\">\n\t<td class=\"column-1\">Vivian <\/td><td class=\"column-2\">Litjens<\/td>\n<\/tr>\n<tr class=\"row-43 odd\">\n\t<td class=\"column-1\">Benjamin<\/td><td class=\"column-2\">Maas<\/td>\n<\/tr>\n<tr class=\"row-44 even\">\n\t<td class=\"column-1\">Adriaan<\/td><td class=\"column-2\">Meer van der<\/td>\n<\/tr>\n<tr class=\"row-45 odd\">\n\t<td class=\"column-1\">Tom<\/td><td class=\"column-2\">Megens<\/td>\n<\/tr>\n<tr class=\"row-46 even\">\n\t<td class=\"column-1\">Bram<\/td><td class=\"column-2\">Nieland<\/td>\n<\/tr>\n<tr class=\"row-47 odd\">\n\t<td class=\"column-1\">Rene<\/td><td class=\"column-2\">Nieuwmans<\/td>\n<\/tr>\n<tr class=\"row-48 even\">\n\t<td class=\"column-1\">Maaike<\/td><td class=\"column-2\">Oenes<\/td>\n<\/tr>\n<tr class=\"row-49 odd\">\n\t<td class=\"column-1\">Florian<\/td><td class=\"column-2\">Oosterman<\/td>\n<\/tr>\n<tr class=\"row-50 even\">\n\t<td class=\"column-1\">Leon<\/td><td class=\"column-2\">Oudenaarden van<\/td>\n<\/tr>\n<tr class=\"row-51 odd\">\n\t<td class=\"column-1\">Felia<\/td><td class=\"column-2\">Palsenberg<\/td>\n<\/tr>\n<tr class=\"row-52 even\">\n\t<td class=\"column-1\">Janneke<\/td><td class=\"column-2\">Paulides<\/td>\n<\/tr>\n<tr class=\"row-53 odd\">\n\t<td class=\"column-1\">Edwin<\/td><td class=\"column-2\">Piek<\/td>\n<\/tr>\n<tr class=\"row-54 even\">\n\t<td class=\"column-1\">Ed<\/td><td class=\"column-2\">Reichman<\/td>\n<\/tr>\n<tr class=\"row-55 odd\">\n\t<td class=\"column-1\">Marianne <\/td><td class=\"column-2\">Reussing<\/td>\n<\/tr>\n<tr class=\"row-56 even\">\n\t<td class=\"column-1\">Robin<\/td><td class=\"column-2\">Rijkmans<\/td>\n<\/tr>\n<tr class=\"row-57 odd\">\n\t<td class=\"column-1\">Tinus<\/td><td class=\"column-2\">Ruben<\/td>\n<\/tr>\n<tr class=\"row-58 even\">\n\t<td class=\"column-1\">Evelyn<\/td><td class=\"column-2\">Sar van der<\/td>\n<\/tr>\n<tr class=\"row-59 odd\">\n\t<td class=\"column-1\">Patrick<\/td><td class=\"column-2\">Schilder<\/td>\n<\/tr>\n<tr class=\"row-60 even\">\n\t<td class=\"column-1\">Rens<\/td><td class=\"column-2\">Schipper<\/td>\n<\/tr>\n<tr class=\"row-61 odd\">\n\t<td class=\"column-1\">Daphne<\/td><td class=\"column-2\">Schipper-Kraan<\/td>\n<\/tr>\n<tr class=\"row-62 even\">\n\t<td class=\"column-1\">Rene<\/td><td class=\"column-2\">Schotsman<\/td>\n<\/tr>\n<tr class=\"row-63 odd\">\n\t<td class=\"column-1\">Hilde<\/td><td class=\"column-2\">Schwantje<\/td>\n<\/tr>\n<tr class=\"row-64 even\">\n\t<td class=\"column-1\">Thomas<\/td><td class=\"column-2\">Steenvoorden<\/td>\n<\/tr>\n<tr class=\"row-65 odd\">\n\t<td class=\"column-1\">Marco<\/td><td class=\"column-2\">Stegeman<\/td>\n<\/tr>\n<tr class=\"row-66 even\">\n\t<td class=\"column-1\">Patrick<\/td><td class=\"column-2\">Tol van der<\/td>\n<\/tr>\n<tr class=\"row-67 odd\">\n\t<td class=\"column-1\">Laura<\/td><td class=\"column-2\">Toledo van<\/td>\n<\/tr>\n<tr class=\"row-68 even\">\n\t<td class=\"column-1\">Nick<\/td><td class=\"column-2\">Triet<\/td>\n<\/tr>\n<tr class=\"row-69 odd\">\n\t<td class=\"column-1\">Laura <\/td><td class=\"column-2\">Veenendaal van<\/td>\n<\/tr>\n<tr class=\"row-70 even\">\n\t<td class=\"column-1\">Renate<\/td><td class=\"column-2\">Verboom<\/td>\n<\/tr>\n<tr class=\"row-71 odd\">\n\t<td class=\"column-1\">Marc<\/td><td class=\"column-2\">Verboon<\/td>\n<\/tr>\n<tr class=\"row-72 even\">\n\t<td class=\"column-1\">Elise<\/td><td class=\"column-2\">Verjaal<\/td>\n<\/tr>\n<tr class=\"row-73 odd\">\n\t<td class=\"column-1\">Ingrid<\/td><td class=\"column-2\">Verkerk<\/td>\n<\/tr>\n<tr class=\"row-74 even\">\n\t<td class=\"column-1\">Marco<\/td><td class=\"column-2\">Vermaat<\/td>\n<\/tr>\n<tr class=\"row-75 odd\">\n\t<td class=\"column-1\">Dani\u00eblle<\/td><td class=\"column-2\">Vroenhoven van<\/td>\n<\/tr>\n<tr class=\"row-76 even\">\n\t<td class=\"column-1\">Kristian<\/td><td class=\"column-2\">Weijts<\/td>\n<\/tr>\n<tr class=\"row-77 odd\">\n\t<td class=\"column-1\">Robin<\/td><td class=\"column-2\">Wijdenes<\/td>\n<\/tr>\n<tr class=\"row-78 even\">\n\t<td class=\"column-1\">Reinier<\/td><td class=\"column-2\">Winter de<\/td>\n<\/tr>\n<tr class=\"row-79 odd\">\n\t<td class=\"column-1\">Constant<\/td><td class=\"column-2\">Wit de<\/td>\n<\/tr>\n<tr class=\"row-80 even\">\n\t<td class=\"column-1\">Erik<\/td><td class=\"column-2\">Wortelboer<\/td>\n<\/tr>\n<tr class=\"row-81 odd\">\n\t<td class=\"column-1\">Wouter<\/td><td class=\"column-2\">Zijlstra<\/td>\n<\/tr>\n<tr class=\"row-82 even\">\n\t<td class=\"column-1\">Henk<\/td><td class=\"column-2\">Zijtveld<\/td>\n<\/tr>\n<tr class=\"row-83 odd\">\n\t<td class=\"column-1\">Yavuz <\/td><td class=\"column-2\">Aydilek<\/td>\n<\/tr>\n<tr class=\"row-84 even\">\n\t<td class=\"column-1\">Marinus<\/td><td class=\"column-2\">Pooter de<\/td>\n<\/tr>\n<tr class=\"row-85 odd\">\n\t<td class=\"column-1\">Ruben<\/td><td class=\"column-2\">Bosch<\/td>\n<\/tr>\n<tr class=\"row-86 even\">\n\t<td class=\"column-1\">Boris<\/td><td class=\"column-2\">Vinogradski<\/td>\n<\/tr>\n<tr class=\"row-87 odd\">\n\t<td class=\"column-1\">Jacqueline<\/td><td class=\"column-2\">Diels<\/td>\n<\/tr>\n<tr class=\"row-88 even\">\n\t<td class=\"column-1\">Gwendolyn<\/td><td class=\"column-2\">Loois<\/td>\n<\/tr>\n<tr class=\"row-89 odd\">\n\t<td class=\"column-1\">Sander<\/td><td class=\"column-2\">Boer de<\/td>\n<\/tr>\n<tr class=\"row-90 even\">\n\t<td class=\"column-1\">Sofie<\/td><td class=\"column-2\">Elmans<\/td>\n<\/tr>\n<tr class=\"row-91 odd\">\n\t<td class=\"column-1\">Ren\u00e9e<\/td><td class=\"column-2\">Reus-Bakker<\/td>\n<\/tr>\n<tr class=\"row-92 even\">\n\t<td class=\"column-1\">Danli <\/td><td class=\"column-2\">Cheng<\/td>\n<\/tr>\n<tr class=\"row-93 odd\">\n\t<td class=\"column-1\">Tim<\/td><td class=\"column-2\">Grift van de<\/td>\n<\/tr>\n<tr class=\"row-94 even\">\n\t<td class=\"column-1\">Marieke<\/td><td class=\"column-2\">Christien Schmidt<\/td>\n<\/tr>\n<tr class=\"row-95 odd\">\n\t<td class=\"column-1\">Martijn<\/td><td class=\"column-2\">Agters<\/td>\n<\/tr>\n<tr class=\"row-96 even\">\n\t<td class=\"column-1\">W.M.<\/td><td class=\"column-2\">Olsthoorn<\/td>\n<\/tr>\n<tr class=\"row-97 odd\">\n\t<td class=\"column-1\">Tom<\/td><td class=\"column-2\">Jong de<\/td>\n<\/tr>\n<tr class=\"row-98 even\">\n\t<td class=\"column-1\">Eva <\/td><td class=\"column-2\">Lindenbergh<\/td>\n<\/tr>\n<tr class=\"row-99 odd\">\n\t<td class=\"column-1\">Willart<\/td><td class=\"column-2\">Wildenberg van de<\/td>\n<\/tr>\n<tr class=\"row-100 even\">\n\t<td class=\"column-1\">Martijn <\/td><td class=\"column-2\">Koenen<\/td>\n<\/tr>\n<tr class=\"row-101 odd\">\n\t<td class=\"column-1\">Arthur<\/td><td class=\"column-2\">Kwast van der<\/td>\n<\/tr>\n<tr class=\"row-102 even\">\n\t<td class=\"column-1\">Koen<\/td><td class=\"column-2\">Pubanz<\/td>\n<\/tr>\n<tr class=\"row-103 odd\">\n\t<td class=\"column-1\">Luc<\/td><td class=\"column-2\">Strijbosch<\/td>\n<\/tr>\n<tr class=\"row-104 even\">\n\t<td class=\"column-1\">Sebastiaan<\/td><td class=\"column-2\">Bonnet Naranjo<\/td>\n<\/tr>\n<tr class=\"row-105 odd\">\n\t<td class=\"column-1\">Marlieke<\/td><td class=\"column-2\">Mook van<\/td>\n<\/tr>\n<tr class=\"row-106 even\">\n\t<td class=\"column-1\">Gijs<\/td><td class=\"column-2\">Sluis van der<\/td>\n<\/tr>\n<tr class=\"row-107 odd\">\n\t<td class=\"column-1\">Geronimo<\/td><td class=\"column-2\">Edwards<\/td>\n<\/tr>\n<tr class=\"row-108 even\">\n\t<td class=\"column-1\">Emel <\/td><td class=\"column-2\">Sena \u00c7avu\u015fo\u011flu<\/td>\n<\/tr>\n<\/tbody>\n<\/table>\n<!-- #tablepress-1 from cache --><\/h2>\n\n\n\n<h4 style=\"text-align:center\">Lean Six Sixma Black Belt Certifications<\/h4>\n\n\n\n<h2>\n<table id=\"tablepress-2\" class=\"tablepress tablepress-id-2\">\n<thead>\n<tr class=\"row-1 odd\">\n\t<th class=\"column-1\">Name<\/th><th class=\"column-2\">Last name<\/th>\n<\/tr>\n<\/thead>\n<tbody class=\"row-hover\">\n<tr class=\"row-2 even\">\n\t<td class=\"column-1\">Guus<\/td><td class=\"column-2\">Berkers<\/td>\n<\/tr>\n<tr class=\"row-3 odd\">\n\t<td class=\"column-1\">Peter<\/td><td class=\"column-2\">Mol de<\/td>\n<\/tr>\n<tr class=\"row-4 even\">\n\t<td class=\"column-1\">Anita <\/td><td class=\"column-2\">Fortuin<\/td>\n<\/tr>\n<tr class=\"row-5 odd\">\n\t<td class=\"column-1\">Arjen<\/td><td class=\"column-2\">Geukema<\/td>\n<\/tr>\n<tr class=\"row-6 even\">\n\t<td class=\"column-1\">Mohammed<\/td><td class=\"column-2\">Jaffar<\/td>\n<\/tr>\n<tr class=\"row-7 odd\">\n\t<td class=\"column-1\">Tim<\/td><td class=\"column-2\">Koopmans<\/td>\n<\/tr>\n<tr class=\"row-8 even\">\n\t<td class=\"column-1\">Jente<\/td><td class=\"column-2\">Krijnen<\/td>\n<\/tr>\n<tr class=\"row-9 odd\">\n\t<td class=\"column-1\">Yee Lai<\/td><td class=\"column-2\">Man<\/td>\n<\/tr>\n<tr class=\"row-10 even\">\n\t<td class=\"column-1\">Cora<\/td><td class=\"column-2\">Mee-Ling Man<\/td>\n<\/tr>\n<tr class=\"row-11 odd\">\n\t<td class=\"column-1\">Peter<\/td><td class=\"column-2\">Mol<\/td>\n<\/tr>\n<tr class=\"row-12 even\">\n\t<td class=\"column-1\">Henri-Paul<\/td><td class=\"column-2\">Karman<\/td>\n<\/tr>\n<tr class=\"row-13 odd\">\n\t<td class=\"column-1\">Chatish<\/td><td class=\"column-2\">Sitaldien<\/td>\n<\/tr>\n<tr class=\"row-14 even\">\n\t<td class=\"column-1\">Roy<\/td><td class=\"column-2\">Smits<\/td>\n<\/tr>\n<tr class=\"row-15 odd\">\n\t<td class=\"column-1\">Shoona<\/td><td class=\"column-2\">Tahitu<\/td>\n<\/tr>\n<tr class=\"row-16 even\">\n\t<td class=\"column-1\">Joost <\/td><td class=\"column-2\">Heide ter<\/td>\n<\/tr>\n<tr class=\"row-17 odd\">\n\t<td class=\"column-1\">Chris<\/td><td class=\"column-2\">Hal van<\/td>\n<\/tr>\n<tr class=\"row-18 even\">\n\t<td class=\"column-1\">Elise<\/td><td class=\"column-2\">Verjaal<\/td>\n<\/tr>\n<tr class=\"row-19 odd\">\n\t<td class=\"column-1\">Wijnand<\/td><td class=\"column-2\">Veugelers<\/td>\n<\/tr>\n<tr class=\"row-20 even\">\n\t<td class=\"column-1\">Jet <\/td><td class=\"column-2\">Ruiter<\/td>\n<\/tr>\n<tr class=\"row-21 odd\">\n\t<td class=\"column-1\">Renzo<\/td><td class=\"column-2\">Bekken<\/td>\n<\/tr>\n<tr class=\"row-22 even\">\n\t<td class=\"column-1\">Bram<\/td><td class=\"column-2\">Egmond van<\/td>\n<\/tr>\n<tr class=\"row-23 odd\">\n\t<td class=\"column-1\">Mark<\/td><td class=\"column-2\">Riet van<\/td>\n<\/tr>\n<tr class=\"row-24 even\">\n\t<td class=\"column-1\">Richard <\/td><td class=\"column-2\">Driel van<\/td>\n<\/tr>\n<tr class=\"row-25 odd\">\n\t<td class=\"column-1\">Marije<\/td><td class=\"column-2\">Groot de<\/td>\n<\/tr>\n<tr class=\"row-26 even\">\n\t<td class=\"column-1\">Carlo<\/td><td class=\"column-2\">Damen<\/td>\n<\/tr>\n<tr class=\"row-27 odd\">\n\t<td class=\"column-1\">Bas<\/td><td class=\"column-2\">Elsenaar<\/td>\n<\/tr>\n<tr class=\"row-28 even\">\n\t<td class=\"column-1\">Jeremy<\/td><td class=\"column-2\">Jonkers<\/td>\n<\/tr>\n<tr class=\"row-29 odd\">\n\t<td class=\"column-1\">Marcel<\/td><td class=\"column-2\">Houtman<\/td>\n<\/tr>\n<tr class=\"row-30 even\">\n\t<td class=\"column-1\">Rudy <\/td><td class=\"column-2\">Broeren<\/td>\n<\/tr>\n<tr class=\"row-31 odd\">\n\t<td class=\"column-1\">Mona<\/td><td class=\"column-2\">Asadi<\/td>\n<\/tr>\n<tr class=\"row-32 even\">\n\t<td class=\"column-1\">Fernando<\/td><td class=\"column-2\">Wijk van<\/td>\n<\/tr>\n<tr class=\"row-33 odd\">\n\t<td class=\"column-1\">Tessa<\/td><td class=\"column-2\">Kempen<\/td>\n<\/tr>\n<tr class=\"row-34 even\">\n\t<td class=\"column-1\">Jasper<\/td><td class=\"column-2\">Bassie<\/td>\n<\/tr>\n<tr class=\"row-35 odd\">\n\t<td class=\"column-1\">Jefta<\/td><td class=\"column-2\">Bijpost<\/td>\n<\/tr>\n<tr class=\"row-36 even\">\n\t<td class=\"column-1\">Matthijs<\/td><td class=\"column-2\">Penders<\/td>\n<\/tr>\n<tr class=\"row-37 odd\">\n\t<td class=\"column-1\">Carsten<\/td><td class=\"column-2\">Friedrich<\/td>\n<\/tr>\n<tr class=\"row-38 even\">\n\t<td class=\"column-1\">Jeroen<\/td><td class=\"column-2\">Vroomen<\/td>\n<\/tr>\n<tr class=\"row-39 odd\">\n\t<td class=\"column-1\">Xander<\/td><td class=\"column-2\">Kandenbach<\/td>\n<\/tr>\n<tr class=\"row-40 even\">\n\t<td class=\"column-1\">Niek <\/td><td class=\"column-2\">Verschure<\/td>\n<\/tr>\n<tr class=\"row-41 odd\">\n\t<td class=\"column-1\">Jurjen <\/td><td class=\"column-2\">Bousma<\/td>\n<\/tr>\n<tr class=\"row-42 even\">\n\t<td class=\"column-1\">Romy<\/td><td class=\"column-2\">Janssen<\/td>\n<\/tr>\n<tr class=\"row-43 odd\">\n\t<td class=\"column-1\">Femke<\/td><td class=\"column-2\">Roerdink<\/td>\n<\/tr>\n<tr class=\"row-44 even\">\n\t<td class=\"column-1\">Rens <\/td><td class=\"column-2\">Claassen<\/td>\n<\/tr>\n<tr class=\"row-45 odd\">\n\t<td class=\"column-1\">Leon<\/td><td class=\"column-2\">Harbers<\/td>\n<\/tr>\n<tr class=\"row-46 even\">\n\t<td class=\"column-1\">Kevin<\/td><td class=\"column-2\">Broek van den<\/td>\n<\/tr>\n<tr class=\"row-47 odd\">\n\t<td class=\"column-1\">Gideon<\/td><td class=\"column-2\">Verhoeven<\/td>\n<\/tr>\n<tr class=\"row-48 even\">\n\t<td class=\"column-1\">Esther<\/td><td class=\"column-2\">Wit de<\/td>\n<\/tr>\n<tr class=\"row-49 odd\">\n\t<td class=\"column-1\">Marleen<\/td><td class=\"column-2\">Beek van<\/td>\n<\/tr>\n<tr class=\"row-50 even\">\n\t<td class=\"column-1\">Ralph<\/td><td class=\"column-2\">Henderson<\/td>\n<\/tr>\n<tr class=\"row-51 odd\">\n\t<td class=\"column-1\">Marco <\/td><td class=\"column-2\">Stegeman<\/td>\n<\/tr>\n<tr class=\"row-52 even\">\n\t<td class=\"column-1\">Bertram<\/td><td class=\"column-2\">aa van der<\/td>\n<\/tr>\n<tr class=\"row-53 odd\">\n\t<td class=\"column-1\">Inka<\/td><td class=\"column-2\">Sinnige<\/td>\n<\/tr>\n<tr class=\"row-54 even\">\n\t<td class=\"column-1\">Benjamin<\/td><td class=\"column-2\">Maas<\/td>\n<\/tr>\n<tr class=\"row-55 odd\">\n\t<td class=\"column-1\">Maaike<\/td><td class=\"column-2\">Oenes<\/td>\n<\/tr>\n<tr class=\"row-56 even\">\n\t<td class=\"column-1\">Gerard<\/td><td class=\"column-2\">Voort<\/td>\n<\/tr>\n<tr class=\"row-57 odd\">\n\t<td class=\"column-1\">Daphne<\/td><td class=\"column-2\">Schipper-Kraan<\/td>\n<\/tr>\n<tr class=\"row-58 even\">\n\t<td class=\"column-1\">Dino<\/td><td class=\"column-2\">Kadric<\/td>\n<\/tr>\n<tr class=\"row-59 odd\">\n\t<td class=\"column-1\">Arnoud<\/td><td class=\"column-2\">Rijpstra<\/td>\n<\/tr>\n<tr class=\"row-60 even\">\n\t<td class=\"column-1\">Bas<\/td><td class=\"column-2\">Koeslag<\/td>\n<\/tr>\n<tr class=\"row-61 odd\">\n\t<td class=\"column-1\">Paul <\/td><td class=\"column-2\">Boerland<\/td>\n<\/tr>\n<tr class=\"row-62 even\">\n\t<td class=\"column-1\">Louise<\/td><td class=\"column-2\">Bree van<\/td>\n<\/tr>\n<tr class=\"row-63 odd\">\n\t<td class=\"column-1\">Thomas<\/td><td class=\"column-2\">Steenvoorden<\/td>\n<\/tr>\n<tr class=\"row-64 even\">\n\t<td class=\"column-1\">Jo\u00ebl<\/td><td class=\"column-2\">Pinna<\/td>\n<\/tr>\n<tr class=\"row-65 odd\">\n\t<td class=\"column-1\">Ahmed<\/td><td class=\"column-2\">Dira<\/td>\n<\/tr>\n<tr class=\"row-66 even\">\n\t<td class=\"column-1\">Bram<\/td><td class=\"column-2\">Meijer<\/td>\n<\/tr>\n<tr class=\"row-67 odd\">\n\t<td class=\"column-1\">Yron <\/td><td class=\"column-2\">Bacchus<\/td>\n<\/tr>\n<tr class=\"row-68 even\">\n\t<td class=\"column-1\">Edith<\/td><td class=\"column-2\">Pieters<\/td>\n<\/tr>\n<tr class=\"row-69 odd\">\n\t<td class=\"column-1\">Andrea <\/td><td class=\"column-2\">Hirzinger<\/td>\n<\/tr>\n<tr class=\"row-70 even\">\n\t<td class=\"column-1\">Malou<\/td><td class=\"column-2\">Steen van der<\/td>\n<\/tr>\n<tr class=\"row-71 odd\">\n\t<td class=\"column-1\">Djoeke<\/td><td class=\"column-2\">Houtstra<\/td>\n<\/tr>\n<tr class=\"row-72 even\">\n\t<td class=\"column-1\">Johan<\/td><td class=\"column-2\">Stok van der<\/td>\n<\/tr>\n<tr class=\"row-73 odd\">\n\t<td class=\"column-1\">Ron <\/td><td class=\"column-2\">Ogink<\/td>\n<\/tr>\n<\/tbody>\n<\/table>\n<!-- #tablepress-2 from cache --><\/h2>\n\n\n\n<h4 style=\"text-align:center\">Lean Green Belt Certifications<\/h4>\n\n\n\n<h2>\n<table id=\"tablepress-3\" class=\"tablepress tablepress-id-3\">\n<thead>\n<tr class=\"row-1 odd\">\n\t<th class=\"column-1\">Name<\/th><th class=\"column-2\">Last name<\/th>\n<\/tr>\n<\/thead>\n<tbody class=\"row-hover\">\n<tr class=\"row-2 even\">\n\t<td class=\"column-1\">Harm<\/td><td class=\"column-2\">Kamphuis<\/td>\n<\/tr>\n<tr class=\"row-3 odd\">\n\t<td class=\"column-1\">Marja<\/td><td class=\"column-2\">Vink<\/td>\n<\/tr>\n<tr class=\"row-4 even\">\n\t<td class=\"column-1\">Rob<\/td><td class=\"column-2\">Bertrams<\/td>\n<\/tr>\n<tr class=\"row-5 odd\">\n\t<td class=\"column-1\">Bart<\/td><td class=\"column-2\">Elshout<\/td>\n<\/tr>\n<tr class=\"row-6 even\">\n\t<td class=\"column-1\">Anne<\/td><td class=\"column-2\">Haverkate<\/td>\n<\/tr>\n<tr class=\"row-7 odd\">\n\t<td class=\"column-1\">Natalie<\/td><td class=\"column-2\">Lantman<\/td>\n<\/tr>\n<tr class=\"row-8 even\">\n\t<td class=\"column-1\">Michiel<\/td><td class=\"column-2\">Hoeven van der<\/td>\n<\/tr>\n<tr class=\"row-9 odd\">\n\t<td class=\"column-1\">Martin<\/td><td class=\"column-2\">Hoogendoorn<\/td>\n<\/tr>\n<tr class=\"row-10 even\">\n\t<td class=\"column-1\">Marc-Hugo<\/td><td class=\"column-2\">Tan<\/td>\n<\/tr>\n<\/tbody>\n<\/table>\n<!-- #tablepress-3 from cache --><\/h2>\n\n\n\n<h4 style=\"text-align:center\">Lean Black Belt Certifications<\/h4>\n\n\n\n<h2>\n<table id=\"tablepress-4\" class=\"tablepress tablepress-id-4\">\n<thead>\n<tr class=\"row-1 odd\">\n\t<th class=\"column-1\">Name<\/th><th class=\"column-2\">Last name<\/th>\n<\/tr>\n<\/thead>\n<tbody class=\"row-hover\">\n<tr class=\"row-2 even\">\n\t<td class=\"column-1\">Matthijs<\/td><td class=\"column-2\">Heuver<\/td>\n<\/tr>\n<tr class=\"row-3 odd\">\n\t<td class=\"column-1\">Cedeney<\/td><td class=\"column-2\">Maduro<\/td>\n<\/tr>\n<tr class=\"row-4 even\">\n\t<td class=\"column-1\">Maarten<\/td><td class=\"column-2\">Lammeren van<\/td>\n<\/tr>\n<tr class=\"row-5 odd\">\n\t<td class=\"column-1\">Thijs<\/td><td class=\"column-2\">Meinders<\/td>\n<\/tr>\n<tr class=\"row-6 even\">\n\t<td class=\"column-1\">Peter<\/td><td class=\"column-2\">Appel<\/td>\n<\/tr>\n<\/tbody>\n<\/table>\n<!-- #tablepress-4 from cache --><\/h2>\n\n\n\n<p><\/p>\n","protected":false},"excerpt":{"rendered":"<p>Lean Six Sixma Green Belt Certifications Lean Six Sixma Black Belt Certifications Lean Green Belt Certifications Lean Black Belt Certifications<\/p>\n","protected":false},"author":1,"featured_media":0,"parent":0,"menu_order":0,"comment_status":"closed","ping_status":"closed","template":"","meta":[],"yoast_head":"<!-- This site is optimized with the Yoast SEO plugin v16.5 - https:\/\/yoast.com\/wordpress\/plugins\/seo\/ -->\n<title>Certification - Certification<\/title>\n<meta name=\"robots\" content=\"index, follow, max-snippet:-1, max-image-preview:large, max-video-preview:-1\" \/>\n<link rel=\"canonical\" href=\"https:\/\/clssc.org\/?page_id=8\" \/>\n<meta property=\"og:locale\" content=\"en_US\" \/>\n<meta property=\"og:type\" content=\"article\" \/>\n<meta property=\"og:title\" content=\"Certification - Certification\" \/>\n<meta property=\"og:description\" content=\"Lean Six Sixma Green Belt Certifications Lean Six Sixma Black Belt Certifications Lean Green Belt Certifications Lean Black Belt Certifications\" \/>\n<meta property=\"og:url\" content=\"https:\/\/clssc.org\/?page_id=8\" \/>\n<meta property=\"og:site_name\" content=\"Certification\" \/>\n<meta property=\"article:modified_time\" content=\"2019-11-18T14:17:23+00:00\" \/>\n<meta name=\"twitter:card\" content=\"summary_large_image\" \/>\n<script type=\"application\/ld+json\" class=\"yoast-schema-graph\">{\"@context\":\"https:\/\/schema.org\",\"@graph\":[{\"@type\":\"WebSite\",\"@id\":\"https:\/\/clssc.org\/#website\",\"url\":\"https:\/\/clssc.org\/\",\"name\":\"Certification\",\"description\":\"\",\"potentialAction\":[{\"@type\":\"SearchAction\",\"target\":\"https:\/\/clssc.org\/?s={search_term_string}\",\"query-input\":\"required name=search_term_string\"}],\"inLanguage\":\"en-US\"},{\"@type\":\"WebPage\",\"@id\":\"https:\/\/clssc.org\/?page_id=8#webpage\",\"url\":\"https:\/\/clssc.org\/?page_id=8\",\"name\":\"Certification - Certification\",\"isPartOf\":{\"@id\":\"https:\/\/clssc.org\/#website\"},\"datePublished\":\"2019-08-25T08:31:05+00:00\",\"dateModified\":\"2019-11-18T14:17:23+00:00\",\"breadcrumb\":{\"@id\":\"https:\/\/clssc.org\/?page_id=8#breadcrumb\"},\"inLanguage\":\"en-US\",\"potentialAction\":[{\"@type\":\"ReadAction\",\"target\":[\"https:\/\/clssc.org\/?page_id=8\"]}]},{\"@type\":\"BreadcrumbList\",\"@id\":\"https:\/\/clssc.org\/?page_id=8#breadcrumb\",\"itemListElement\":[{\"@type\":\"ListItem\",\"position\":1,\"name\":\"Home\",\"item\":\"https:\/\/clssc.org\/\"},{\"@type\":\"ListItem\",\"position\":2,\"name\":\"Certification\"}]}]}<\/script>\n<!-- \/ Yoast SEO plugin. -->","_links":{"self":[{"href":"https:\/\/clssc.org\/index.php?rest_route=\/wp\/v2\/pages\/8"}],"collection":[{"href":"https:\/\/clssc.org\/index.php?rest_route=\/wp\/v2\/pages"}],"about":[{"href":"https:\/\/clssc.org\/index.php?rest_route=\/wp\/v2\/types\/page"}],"author":[{"embeddable":true,"href":"https:\/\/clssc.org\/index.php?rest_route=\/wp\/v2\/users\/1"}],"replies":[{"embeddable":true,"href":"https:\/\/clssc.org\/index.php?rest_route=%2Fwp%2Fv2%2Fcomments&post=8"}],"version-history":[{"count":13,"href":"https:\/\/clssc.org\/index.php?rest_route=\/wp\/v2\/pages\/8\/revisions"}],"predecessor-version":[{"id":424,"href":"https:\/\/clssc.org\/index.php?rest_route=\/wp\/v2\/pages\/8\/revisions\/424"}],"wp:attachment":[{"href":"https:\/\/clssc.org\/index.php?rest_route=%2Fwp%2Fv2%2Fmedia&parent=8"}],"curies":[{"name":"wp","href":"https:\/\/api.w.org\/{rel}","templated":true}]}}